{"id":193,"date":"2020-02-20T18:15:14","date_gmt":"2020-02-20T17:15:14","guid":{"rendered":"https:\/\/residencevyhlidka.cz\/?page_id=193"},"modified":"2020-02-20T18:15:14","modified_gmt":"2020-02-20T17:15:14","slug":"cookies","status":"publish","type":"page","link":"https:\/\/residencevyhlidka.cz\/de\/cookies\/","title":{"rendered":"Cookies"},"content":{"rendered":"<p><strong>Cookie-Richtlinie<\/strong><\/p>\n<p>Diese Richtlinie dient dazu, Website-Besucher \u00fcber die Art und Verwendung von Cookies zu informieren.<\/p>\n<p><strong>Was sind Cookies?<\/strong><\/p>\n<p>Die Website residencevyhlidka.cz verwendet Cookies, um zu funktionieren. Cookies sind kleine Dateien, die einzelne Websites, einschlie\u00dflich residencevyhlidka.cz, direkt auf Ihrem Ger\u00e4t speichern, um Ihre Website-Aktivit\u00e4ten von denen anderer Benutzer zu unterscheiden.<\/p>\n<p><strong>Wof\u00fcr werden Cookies verwendet?<\/strong><\/p>\n<p>F\u00fcr die korrekte Anzeige und Funktionalit\u00e4t der Seite, insbesondere zum Speichern Ihrer Einstellungen. Gleichzeitig werden die Seiten verwendet, um den Verkehr auf unserer Website zu analysieren und um es uns zu erm\u00f6glichen, in Zukunft Inhalte und Seiten so zu erstellen, damit Sie bequem daran arbeiten k\u00f6nnen. Bei der Analyse von Cookies wird es auch zur sogenannten Conversion-Messung verwendet, d.h. zur Messung der Leistung von Vertriebskan\u00e4len durch Aufzeichnung einzelner Conversion-Aktionen (z. B. Ausf\u00fcllen des Formulars). Cookies helfen auch dabei, Anzeigen und Remarketing besser auszurichten.<\/p>\n<p><strong>Weitergabe und Weiterverarbeitung von Cookies<\/strong><\/p>\n<p>Cookies werden in <a href=\"http:\/\/www.google.com\/intl\/de\/policies\/technologies\/ads\/\">AdWords<\/a> (f\u00fcr Remarketing),\u00a0<a href=\"https:\/\/napoveda.sklik.cz\/\">Sklik<\/a> (f\u00fcr Remarketing), <a href=\"https:\/\/developers.google.com\/analytics\/devguides\/collection\/analyticsjs\/cookie-usage\">Google Analytics<\/a> (zum Messen und Analysieren des Website-Verkehrs) a <a href=\"https:\/\/www.facebook.com\/help\/cookies\/\">Facebook<\/a> (zum Messen und Remarketing) weiterverarbeitet.<strong>\u00a0<\/strong><\/p>\n<p><strong>Wie \u00e4ndere ich meine Cookie-Einstellungen?<\/strong><\/p>\n<p>Ob Cookies auf Ihrem Ger\u00e4t gespeichert werden, h\u00e4ngt von Ihren Browsereinstellungen ab. Nach Ansicht des Amtes f\u00fcr den Schutz personenbezogener Daten gilt diese Einstellung als Zustimmung zur Verarbeitung personenbezogener Daten.<\/p>\n<p>Wenn Sie die Verwendung von Cookies einschr\u00e4nken oder blockieren m\u00f6chten, verwenden Sie bitte Ihre Browsereinstellungen. Ausf\u00fchrliche Informationen zum Einrichten der g\u00e4ngigsten Browser finden Sie unter den folgenden Links:<\/p>\n<ul>\n<li><a href=\"https:\/\/support.google.com\/accounts\/answer\/610416?hl=de\">Chrome<\/a><\/li>\n<li><a href=\"https:\/\/support.mozilla.org\/en-US\/kb\/cookies-information-websites-store-on-your-computer\">Firefox\u00a0<\/a><\/li>\n<li><a href=\"https:\/\/support.microsoft.com\/en-us\/help\/260971\/description-of-cookies\">Internet Explorer<\/a><\/li>\n<\/ul>\n<p>Nebo m\u016f\u017eete vyu\u017e\u00edt\u00a0n\u00e1stroj pro spr\u00e1vu soubor\u016f cookie, kter\u00fd je k\u00a0dispozici na str\u00e1nk\u00e1ch\u00a0<a href=\"http:\/\/www.youronlinechoices.com\/cz\/\">http:\/\/www.youronlinechoices.com\/cz\/<\/a><\/p>\n<p><strong>An wen kann ich mich wenden, wenn ich eine Frage habe?<\/strong><\/p>\n<p>Wenn Sie Fragen zur Verwendung von Cookies oder allgemein zum Datenschutz unseres Unternehmens haben, wenden Sie sich bitte per E-Mail an <a href=\"mailto:vitek.martin@yahoo.com\">vitek.martin@yahoo.com<\/a> oder schreiben Sie uns an:<\/p>\n<p>PV-Medical Services, s.r.o.<\/p>\n<p>Kali\u0161nick\u00e1 2889\/18, 130 00 Praha 3-\u017di\u017ekov<\/p>\n","protected":false},"excerpt":{"rendered":"<p>Cookie-Richtlinie Diese Richtlinie dient dazu, Website-Besucher \u00fcber die Art und Verwendung von Cookies zu informieren. Was sind Cookies? Die Website residencevyhlidka.cz verwendet Cookies, um zu funktionieren. Cookies sind kleine Dateien, die einzelne Websites, einschlie\u00dflich residencevyhlidka.cz, direkt auf Ihrem Ger\u00e4t speichern, um Ihre Website-Aktivit\u00e4ten von denen anderer Benutzer zu unterscheiden. Wof\u00fcr werden Cookies verwendet? F\u00fcr die [&hellip;]<\/p>\n","protected":false},"author":3,"featured_media":0,"parent":0,"menu_order":0,"comment_status":"closed","ping_status":"closed","template":"","meta":{"_acf_changed":false,"footnotes":""},"class_list":["post-193","page","type-page","status-publish","hentry"],"acf":[],"yoast_head":"<!-- This site is optimized with the Yoast SEO plugin v27.4 - https:\/\/yoast.com\/product\/yoast-seo-wordpress\/ -->\n<title>Cookies - Residence Vyhl\u00eddka<\/title>\n<meta name=\"robots\" content=\"index, follow, max-snippet:-1, max-image-preview:large, max-video-preview:-1\" \/>\n<link rel=\"canonical\" href=\"https:\/\/residencevyhlidka.cz\/de\/cookies\/\" \/>\n<meta property=\"og:locale\" content=\"de_DE\" \/>\n<meta property=\"og:type\" content=\"article\" \/>\n<meta property=\"og:title\" content=\"Cookies - Residence Vyhl\u00eddka\" \/>\n<meta property=\"og:description\" content=\"Cookie-Richtlinie Diese Richtlinie dient dazu, Website-Besucher \u00fcber die Art und Verwendung von Cookies zu informieren. Was sind Cookies? Die Website residencevyhlidka.cz verwendet Cookies, um zu funktionieren. Cookies sind kleine Dateien, die einzelne Websites, einschlie\u00dflich residencevyhlidka.cz, direkt auf Ihrem Ger\u00e4t speichern, um Ihre Website-Aktivit\u00e4ten von denen anderer Benutzer zu unterscheiden. Wof\u00fcr werden Cookies verwendet? F\u00fcr die [&hellip;]\" \/>\n<meta property=\"og:url\" content=\"https:\/\/residencevyhlidka.cz\/de\/cookies\/\" \/>\n<meta property=\"og:site_name\" content=\"Residence Vyhl\u00eddka\" \/>\n<meta name=\"twitter:card\" content=\"summary_large_image\" \/>\n<meta name=\"twitter:label1\" content=\"Gesch\u00e4tzte Lesezeit\" \/>\n\t<meta name=\"twitter:data1\" content=\"2\u00a0Minuten\" \/>\n<script type=\"application\/ld+json\" class=\"yoast-schema-graph\">{\"@context\":\"https:\\\/\\\/schema.org\",\"@graph\":[{\"@type\":\"WebPage\",\"@id\":\"https:\\\/\\\/residencevyhlidka.cz\\\/de\\\/cookies\\\/\",\"url\":\"https:\\\/\\\/residencevyhlidka.cz\\\/de\\\/cookies\\\/\",\"name\":\"Cookies - Residence Vyhl\u00eddka\",\"isPartOf\":{\"@id\":\"https:\\\/\\\/residencevyhlidka.cz\\\/#website\"},\"datePublished\":\"2020-02-20T17:15:14+00:00\",\"breadcrumb\":{\"@id\":\"https:\\\/\\\/residencevyhlidka.cz\\\/de\\\/cookies\\\/#breadcrumb\"},\"inLanguage\":\"de\",\"potentialAction\":[{\"@type\":\"ReadAction\",\"target\":[\"https:\\\/\\\/residencevyhlidka.cz\\\/de\\\/cookies\\\/\"]}]},{\"@type\":\"BreadcrumbList\",\"@id\":\"https:\\\/\\\/residencevyhlidka.cz\\\/de\\\/cookies\\\/#breadcrumb\",\"itemListElement\":[{\"@type\":\"ListItem\",\"position\":1,\"name\":\"Dom\u016f\",\"item\":\"https:\\\/\\\/residencevyhlidka.cz\\\/de\\\/\"},{\"@type\":\"ListItem\",\"position\":2,\"name\":\"Cookies\"}]},{\"@type\":\"WebSite\",\"@id\":\"https:\\\/\\\/residencevyhlidka.cz\\\/#website\",\"url\":\"https:\\\/\\\/residencevyhlidka.cz\\\/\",\"name\":\"Residence Vyhl\u00eddka\",\"description\":\"\",\"potentialAction\":[{\"@type\":\"SearchAction\",\"target\":{\"@type\":\"EntryPoint\",\"urlTemplate\":\"https:\\\/\\\/residencevyhlidka.cz\\\/?s={search_term_string}\"},\"query-input\":{\"@type\":\"PropertyValueSpecification\",\"valueRequired\":true,\"valueName\":\"search_term_string\"}}],\"inLanguage\":\"de\"}]}<\/script>\n<!-- \/ Yoast SEO plugin. -->","yoast_head_json":{"title":"Cookies - Residence Vyhl\u00eddka","robots":{"index":"index","follow":"follow","max-snippet":"max-snippet:-1","max-image-preview":"max-image-preview:large","max-video-preview":"max-video-preview:-1"},"canonical":"https:\/\/residencevyhlidka.cz\/de\/cookies\/","og_locale":"de_DE","og_type":"article","og_title":"Cookies - Residence Vyhl\u00eddka","og_description":"Cookie-Richtlinie Diese Richtlinie dient dazu, Website-Besucher \u00fcber die Art und Verwendung von Cookies zu informieren. Was sind Cookies? Die Website residencevyhlidka.cz verwendet Cookies, um zu funktionieren. Cookies sind kleine Dateien, die einzelne Websites, einschlie\u00dflich residencevyhlidka.cz, direkt auf Ihrem Ger\u00e4t speichern, um Ihre Website-Aktivit\u00e4ten von denen anderer Benutzer zu unterscheiden. Wof\u00fcr werden Cookies verwendet? F\u00fcr die [&hellip;]","og_url":"https:\/\/residencevyhlidka.cz\/de\/cookies\/","og_site_name":"Residence Vyhl\u00eddka","twitter_card":"summary_large_image","twitter_misc":{"Gesch\u00e4tzte Lesezeit":"2\u00a0Minuten"},"schema":{"@context":"https:\/\/schema.org","@graph":[{"@type":"WebPage","@id":"https:\/\/residencevyhlidka.cz\/de\/cookies\/","url":"https:\/\/residencevyhlidka.cz\/de\/cookies\/","name":"Cookies - Residence Vyhl\u00eddka","isPartOf":{"@id":"https:\/\/residencevyhlidka.cz\/#website"},"datePublished":"2020-02-20T17:15:14+00:00","breadcrumb":{"@id":"https:\/\/residencevyhlidka.cz\/de\/cookies\/#breadcrumb"},"inLanguage":"de","potentialAction":[{"@type":"ReadAction","target":["https:\/\/residencevyhlidka.cz\/de\/cookies\/"]}]},{"@type":"BreadcrumbList","@id":"https:\/\/residencevyhlidka.cz\/de\/cookies\/#breadcrumb","itemListElement":[{"@type":"ListItem","position":1,"name":"Dom\u016f","item":"https:\/\/residencevyhlidka.cz\/de\/"},{"@type":"ListItem","position":2,"name":"Cookies"}]},{"@type":"WebSite","@id":"https:\/\/residencevyhlidka.cz\/#website","url":"https:\/\/residencevyhlidka.cz\/","name":"Residence Vyhl\u00eddka","description":"","potentialAction":[{"@type":"SearchAction","target":{"@type":"EntryPoint","urlTemplate":"https:\/\/residencevyhlidka.cz\/?s={search_term_string}"},"query-input":{"@type":"PropertyValueSpecification","valueRequired":true,"valueName":"search_term_string"}}],"inLanguage":"de"}]}},"_links":{"self":[{"href":"https:\/\/residencevyhlidka.cz\/de\/wp-json\/wp\/v2\/pages\/193","targetHints":{"allow":["GET"]}}],"collection":[{"href":"https:\/\/residencevyhlidka.cz\/de\/wp-json\/wp\/v2\/pages"}],"about":[{"href":"https:\/\/residencevyhlidka.cz\/de\/wp-json\/wp\/v2\/types\/page"}],"author":[{"embeddable":true,"href":"https:\/\/residencevyhlidka.cz\/de\/wp-json\/wp\/v2\/users\/3"}],"replies":[{"embeddable":true,"href":"https:\/\/residencevyhlidka.cz\/de\/wp-json\/wp\/v2\/comments?post=193"}],"version-history":[{"count":1,"href":"https:\/\/residencevyhlidka.cz\/de\/wp-json\/wp\/v2\/pages\/193\/revisions"}],"predecessor-version":[{"id":194,"href":"https:\/\/residencevyhlidka.cz\/de\/wp-json\/wp\/v2\/pages\/193\/revisions\/194"}],"wp:attachment":[{"href":"https:\/\/residencevyhlidka.cz\/de\/wp-json\/wp\/v2\/media?parent=193"}],"curies":[{"name":"wp","href":"https:\/\/api.w.org\/{rel}","templated":true}]}}