{"id":195,"date":"2020-02-20T18:15:46","date_gmt":"2020-02-20T17:15:46","guid":{"rendered":"https:\/\/residencevyhlidka.cz\/?page_id=195"},"modified":"2020-02-20T18:15:46","modified_gmt":"2020-02-20T17:15:46","slug":"datenschutzerklaerung","status":"publish","type":"page","link":"https:\/\/residencevyhlidka.cz\/de\/datenschutzerklaerung\/","title":{"rendered":"Datenschutzerkl\u00e4rung"},"content":{"rendered":"<\/h2>\r\n<h2><\/h2>\r\n<h2 class=\"wp-block-heading\"><\/h2>\r\n<ol class=\"ochrana\">\r\n \t<li>PV-Medical Services s.r.o. mit Sitz in Kali\u0161nick\u00e1 2889\/18, 130 00 Praha 3-\u017di\u017ekov, ID 29361281, eingetragen im Handelsregister des Landgerichts in Prag, Abschnitt C, Akte 251123 \/ KSBR, verarbeiten im Falle Ihrer Nachfrage nach Dienstleistungen personenbezogene Daten gem\u00e4\u00df Artikel 26 der Verordnung (EU) Nr. 2016\/679 des Europ\u00e4ischen Parlaments und des Rates zum Schutz des Einzelnen bei der Verarbeitung personenbezogener Daten und zum freien Datenverkehr sowie zur Aufhebung der Richtlinie 95\/46 \/ EG (Allgemeine Verordnung zum Schutz personenbezogener Daten), die folgenden pers\u00f6nlichen Daten:\r\n<ol>\r\n \t<li>Vor- und Nachname<\/li>\r\n \t<li>E-Mail Adresse<\/li>\r\n \t<li>Text der Nachricht.<\/li>\r\n<\/ol>\r\n<\/li>\r\n \t<li>Der Vor- und Nachname sowie die E-Mail-Adresse m\u00fcssen verarbeitet werden, um ein Serviceangebot zu erstellen, dieses Angebot auszuhandeln oder Ihre Frage zu beantworten. Artikel 6 Absatz 1 b) Verordnung sieht eine solche Verarbeitung vor. Diese personenbezogenen Daten werden von PV-Medical Services s.r.o. f\u00fcr die Dauer der Verhandlungen \u00fcber Ihre Nutzung unserer Dienste zwischen Ihnen und PV-Medical Services s.r.o., maximal 2 Jahre nach Ihrer Anfrage, bearbeitet, es sei denn, Sie stimmen einer weiteren Verarbeitung zu.<\/li>\r\n \t<li>Die Verarbeitung personenbezogener Daten erfolgt durch den Administrator und m\u00f6glicherweise andere Anbieter von Verarbeitungssoftware, -diensten und -anwendungen, die derzeit von den gemeinsamen Administratoren nicht verwendet werden.<\/li>\r\n \t<li>Bitte beachten Sie, dass Sie gem\u00e4\u00df der Verordnung folgende Rechte haben:\r\n<ol>\r\n \t<li>Anforderung Ihrerseits, welche Informationen wir f\u00fcr Ihre personenbezogenen Daten verarbeiten, oder Anforderung einer Kopie dieser personenbezogenen Daten,<\/li>\r\n \t<li>Anforderung f\u00fcr den Zugriff auf diese Daten und deren Aktualisierungen, Korrekturen oder Verarbeitungsbeschr\u00e4nkungen,<\/li>\r\n \t<li>Anforderung diese pers\u00f6nlichen Daten zu l\u00f6schen. Diese L\u00f6schung f\u00fchrt jedoch zur Beendigung Ihrer Nutzung unserer Dienste und erfolgt nur, wenn die Interessen der gemeinsamen Administratoren Ihre Privatsph\u00e4re nicht \u00fcberwiegen,<\/li>\r\n \t<li>die Portabilit\u00e4t von Daten bei der automatisierten Verarbeitung,<\/li>\r\n \t<li>wirksamer gerichtlicher Schutz, wenn Sie der Ansicht sind, dass Ihre Rechte aus der Verordnung infolge der Verarbeitung Ihrer personenbezogenen Daten unter Versto\u00df gegen diese Verordnung verletzt wurden,<\/li>\r\n \t<li>Einreichen einer Beschwerde beim Amt f\u00fcr den Schutz personenbezogener Daten.<\/li>\r\n<\/ol>\r\n<\/li>\r\n<\/ol>\r\n<!-- \/wp:heading --><!-- wp:heading -->\r\n<h2><!-- wp:heading --><\/h2>\r\n<h2><!-- wp:heading --><\/h2>\r\n<h2><!-- wp:heading --><\/h2>\r\n<ol class=\"ochrana\">\r\n \t<li>PV-Medical Services s.r.o. mit Sitz in Kali\u0161nick\u00e1 2889\/18, 130 00 Praha 3-\u017di\u017ekov, ID 29361281, eingetragen im Handelsregister des Landgerichts in Prag, Abschnitt C, Akte 251123 \/ KSBR, verarbeiten im Falle Ihrer Nachfrage nach Dienstleistungen personenbezogene Daten gem\u00e4\u00df Artikel 26 der Verordnung (EU) Nr. 2016\/679 des Europ\u00e4ischen Parlaments und des Rates zum Schutz des Einzelnen bei der Verarbeitung personenbezogener Daten und zum freien Datenverkehr sowie zur Aufhebung der Richtlinie 95\/46 \/ EG (Allgemeine Verordnung zum Schutz personenbezogener Daten), die folgenden pers\u00f6nlichen Daten:\r\n<ol>\r\n \t<li>Vor- und Nachname<\/li>\r\n \t<li>E-Mail Adresse<\/li>\r\n \t<li>Text der Nachricht.<\/li>\r\n<\/ol>\r\n<\/li>\r\n \t<li>Der Vor- und Nachname sowie die E-Mail-Adresse m\u00fcssen verarbeitet werden, um ein Serviceangebot zu erstellen, dieses Angebot auszuhandeln oder Ihre Frage zu beantworten. Artikel 6 Absatz 1 b) Verordnung sieht eine solche Verarbeitung vor. Diese personenbezogenen Daten werden von PV-Medical Services s.r.o. f\u00fcr die Dauer der Verhandlungen \u00fcber Ihre Nutzung unserer Dienste zwischen Ihnen und PV-Medical Services s.r.o., maximal 2 Jahre nach Ihrer Anfrage, bearbeitet, es sei denn, Sie stimmen einer weiteren Verarbeitung zu.<\/li>\r\n \t<li>Die Verarbeitung personenbezogener Daten erfolgt durch den Administrator und m\u00f6glicherweise andere Anbieter von Verarbeitungssoftware, -diensten und -anwendungen, die derzeit von den gemeinsamen Administratoren nicht verwendet werden.<\/li>\r\n \t<li>Bitte beachten Sie, dass Sie gem\u00e4\u00df der Verordnung folgende Rechte haben:\r\n<ol>\r\n \t<li>Anforderung Ihrerseits, welche Informationen wir f\u00fcr Ihre personenbezogenen Daten verarbeiten, oder Anforderung einer Kopie dieser personenbezogenen Daten,<\/li>\r\n \t<li>Anforderung f\u00fcr den Zugriff auf diese Daten und deren Aktualisierungen, Korrekturen oder Verarbeitungsbeschr\u00e4nkungen,<\/li>\r\n \t<li>Anforderung diese pers\u00f6nlichen Daten zu l\u00f6schen. Diese L\u00f6schung f\u00fchrt jedoch zur Beendigung Ihrer Nutzung unserer Dienste und erfolgt nur, wenn die Interessen der gemeinsamen Administratoren Ihre Privatsph\u00e4re nicht \u00fcberwiegen,<\/li>\r\n \t<li>die Portabilit\u00e4t von Daten bei der automatisierten Verarbeitung,<\/li>\r\n \t<li>wirksamer gerichtlicher Schutz, wenn Sie der Ansicht sind, dass Ihre Rechte aus der Verordnung infolge der Verarbeitung Ihrer personenbezogenen Daten unter Versto\u00df gegen diese Verordnung verletzt wurden,<\/li>\r\n \t<li>Einreichen einer Beschwerde beim Amt f\u00fcr den Schutz personenbezogener Daten.<\/li>\r\n<\/ol>\r\n<\/li>\r\n<\/ol>\r\n<!-- \/wp:heading --><!-- \/wp:post-content --><!-- \/wp:heading --><!-- wp:post-content --><!-- wp:heading -->\r\n<h2><!-- wp:heading --><\/h2>\r\n<h2><!-- wp:heading --><\/h2>\r\n<h2><!-- wp:heading --><\/h2>\r\n<ol class=\"ochrana\">\r\n \t<li>PV-Medical Services s.r.o. mit Sitz in Kali\u0161nick\u00e1 2889\/18, 130 00 Praha 3-\u017di\u017ekov, ID 29361281, eingetragen im Handelsregister des Landgerichts in Prag, Abschnitt C, Akte 251123 \/ KSBR, verarbeiten im Falle Ihrer Nachfrage nach Dienstleistungen personenbezogene Daten gem\u00e4\u00df Artikel 26 der Verordnung (EU) Nr. 2016\/679 des Europ\u00e4ischen Parlaments und des Rates zum Schutz des Einzelnen bei der Verarbeitung personenbezogener Daten und zum freien Datenverkehr sowie zur Aufhebung der Richtlinie 95\/46 \/ EG (Allgemeine Verordnung zum Schutz personenbezogener Daten), die folgenden pers\u00f6nlichen Daten:\r\n<ol>\r\n \t<li>Vor- und Nachname<\/li>\r\n \t<li>E-Mail Adresse<\/li>\r\n \t<li>Text der Nachricht.<\/li>\r\n<\/ol>\r\n<\/li>\r\n \t<li>Der Vor- und Nachname sowie die E-Mail-Adresse m\u00fcssen verarbeitet werden, um ein Serviceangebot zu erstellen, dieses Angebot auszuhandeln oder Ihre Frage zu beantworten. Artikel 6 Absatz 1 b) Verordnung sieht eine solche Verarbeitung vor. Diese personenbezogenen Daten werden von PV-Medical Services s.r.o. f\u00fcr die Dauer der Verhandlungen \u00fcber Ihre Nutzung unserer Dienste zwischen Ihnen und PV-Medical Services s.r.o., maximal 2 Jahre nach Ihrer Anfrage, bearbeitet, es sei denn, Sie stimmen einer weiteren Verarbeitung zu.<\/li>\r\n \t<li>Die Verarbeitung personenbezogener Daten erfolgt durch den Administrator und m\u00f6glicherweise andere Anbieter von Verarbeitungssoftware, -diensten und -anwendungen, die derzeit von den gemeinsamen Administratoren nicht verwendet werden.<\/li>\r\n \t<li>Bitte beachten Sie, dass Sie gem\u00e4\u00df der Verordnung folgende Rechte haben:\r\n<ol>\r\n \t<li>Anforderung Ihrerseits, welche Informationen wir f\u00fcr Ihre personenbezogenen Daten verarbeiten, oder Anforderung einer Kopie dieser personenbezogenen Daten,<\/li>\r\n \t<li>Anforderung f\u00fcr den Zugriff auf diese Daten und deren Aktualisierungen, Korrekturen oder Verarbeitungsbeschr\u00e4nkungen,<\/li>\r\n \t<li>Anforderung diese pers\u00f6nlichen Daten zu l\u00f6schen. Diese L\u00f6schung f\u00fchrt jedoch zur Beendigung Ihrer Nutzung unserer Dienste und erfolgt nur, wenn die Interessen der gemeinsamen Administratoren Ihre Privatsph\u00e4re nicht \u00fcberwiegen,<\/li>\r\n \t<li>die Portabilit\u00e4t von Daten bei der automatisierten Verarbeitung,<\/li>\r\n \t<li>wirksamer gerichtlicher Schutz, wenn Sie der Ansicht sind, dass Ihre Rechte aus der Verordnung infolge der Verarbeitung Ihrer personenbezogenen Daten unter Versto\u00df gegen diese Verordnung verletzt wurden,<\/li>\r\n \t<li>Einreichen einer Beschwerde beim Amt f\u00fcr den Schutz personenbezogener Daten.<\/li>\r\n<\/ol>\r\n<\/li>\r\n<\/ol>\r\n<!-- \/wp:heading --><!-- \/wp:post-content -->","protected":false},"excerpt":{"rendered":"<p>PV-Medical Services s.r.o. mit Sitz in Kali\u0161nick\u00e1 2889\/18, 130 00 Praha 3-\u017di\u017ekov, ID 29361281, eingetragen im Handelsregister des Landgerichts in Prag, Abschnitt C, Akte 251123 \/ KSBR, verarbeiten im Falle Ihrer Nachfrage nach Dienstleistungen personenbezogene Daten gem\u00e4\u00df Artikel 26 der Verordnung (EU) Nr. 2016\/679 des Europ\u00e4ischen Parlaments und des Rates zum Schutz des Einzelnen bei [&hellip;]<\/p>\n","protected":false},"author":3,"featured_media":0,"parent":0,"menu_order":0,"comment_status":"closed","ping_status":"open","template":"","meta":{"_acf_changed":false,"footnotes":""},"class_list":["post-195","page","type-page","status-publish","hentry"],"acf":[],"yoast_head":"<!-- This site is optimized with the Yoast SEO plugin v27.3 - https:\/\/yoast.com\/product\/yoast-seo-wordpress\/ -->\n<title>Datenschutzerkl\u00e4rung - Residence Vyhl\u00eddka<\/title>\n<meta name=\"robots\" content=\"index, follow, max-snippet:-1, max-image-preview:large, max-video-preview:-1\" \/>\n<link rel=\"canonical\" href=\"https:\/\/residencevyhlidka.cz\/de\/datenschutzerklaerung\/\" \/>\n<meta property=\"og:locale\" content=\"de_DE\" \/>\n<meta property=\"og:type\" content=\"article\" \/>\n<meta property=\"og:title\" content=\"Datenschutzerkl\u00e4rung - Residence Vyhl\u00eddka\" \/>\n<meta property=\"og:description\" content=\"PV-Medical Services s.r.o. mit Sitz in Kali\u0161nick\u00e1 2889\/18, 130 00 Praha 3-\u017di\u017ekov, ID 29361281, eingetragen im Handelsregister des Landgerichts in Prag, Abschnitt C, Akte 251123 \/ KSBR, verarbeiten im Falle Ihrer Nachfrage nach Dienstleistungen personenbezogene Daten gem\u00e4\u00df Artikel 26 der Verordnung (EU) Nr. 2016\/679 des Europ\u00e4ischen Parlaments und des Rates zum Schutz des Einzelnen bei [&hellip;]\" \/>\n<meta property=\"og:url\" content=\"https:\/\/residencevyhlidka.cz\/de\/datenschutzerklaerung\/\" \/>\n<meta property=\"og:site_name\" content=\"Residence Vyhl\u00eddka\" \/>\n<meta name=\"twitter:card\" content=\"summary_large_image\" \/>\n<meta name=\"twitter:label1\" content=\"Gesch\u00e4tzte Lesezeit\" \/>\n\t<meta name=\"twitter:data1\" content=\"2\u00a0Minuten\" \/>\n<script type=\"application\/ld+json\" class=\"yoast-schema-graph\">{\"@context\":\"https:\\\/\\\/schema.org\",\"@graph\":[{\"@type\":\"WebPage\",\"@id\":\"https:\\\/\\\/residencevyhlidka.cz\\\/de\\\/datenschutzerklaerung\\\/\",\"url\":\"https:\\\/\\\/residencevyhlidka.cz\\\/de\\\/datenschutzerklaerung\\\/\",\"name\":\"Datenschutzerkl\u00e4rung - Residence Vyhl\u00eddka\",\"isPartOf\":{\"@id\":\"https:\\\/\\\/residencevyhlidka.cz\\\/#website\"},\"datePublished\":\"2020-02-20T17:15:46+00:00\",\"breadcrumb\":{\"@id\":\"https:\\\/\\\/residencevyhlidka.cz\\\/de\\\/datenschutzerklaerung\\\/#breadcrumb\"},\"inLanguage\":\"de\",\"potentialAction\":[{\"@type\":\"ReadAction\",\"target\":[\"https:\\\/\\\/residencevyhlidka.cz\\\/de\\\/datenschutzerklaerung\\\/\"]}]},{\"@type\":\"BreadcrumbList\",\"@id\":\"https:\\\/\\\/residencevyhlidka.cz\\\/de\\\/datenschutzerklaerung\\\/#breadcrumb\",\"itemListElement\":[{\"@type\":\"ListItem\",\"position\":1,\"name\":\"Dom\u016f\",\"item\":\"https:\\\/\\\/residencevyhlidka.cz\\\/de\\\/\"},{\"@type\":\"ListItem\",\"position\":2,\"name\":\"Datenschutzerkl\u00e4rung\"}]},{\"@type\":\"WebSite\",\"@id\":\"https:\\\/\\\/residencevyhlidka.cz\\\/#website\",\"url\":\"https:\\\/\\\/residencevyhlidka.cz\\\/\",\"name\":\"Residence Vyhl\u00eddka\",\"description\":\"\",\"potentialAction\":[{\"@type\":\"SearchAction\",\"target\":{\"@type\":\"EntryPoint\",\"urlTemplate\":\"https:\\\/\\\/residencevyhlidka.cz\\\/?s={search_term_string}\"},\"query-input\":{\"@type\":\"PropertyValueSpecification\",\"valueRequired\":true,\"valueName\":\"search_term_string\"}}],\"inLanguage\":\"de\"}]}<\/script>\n<!-- \/ Yoast SEO plugin. -->","yoast_head_json":{"title":"Datenschutzerkl\u00e4rung - Residence Vyhl\u00eddka","robots":{"index":"index","follow":"follow","max-snippet":"max-snippet:-1","max-image-preview":"max-image-preview:large","max-video-preview":"max-video-preview:-1"},"canonical":"https:\/\/residencevyhlidka.cz\/de\/datenschutzerklaerung\/","og_locale":"de_DE","og_type":"article","og_title":"Datenschutzerkl\u00e4rung - Residence Vyhl\u00eddka","og_description":"PV-Medical Services s.r.o. mit Sitz in Kali\u0161nick\u00e1 2889\/18, 130 00 Praha 3-\u017di\u017ekov, ID 29361281, eingetragen im Handelsregister des Landgerichts in Prag, Abschnitt C, Akte 251123 \/ KSBR, verarbeiten im Falle Ihrer Nachfrage nach Dienstleistungen personenbezogene Daten gem\u00e4\u00df Artikel 26 der Verordnung (EU) Nr. 2016\/679 des Europ\u00e4ischen Parlaments und des Rates zum Schutz des Einzelnen bei [&hellip;]","og_url":"https:\/\/residencevyhlidka.cz\/de\/datenschutzerklaerung\/","og_site_name":"Residence Vyhl\u00eddka","twitter_card":"summary_large_image","twitter_misc":{"Gesch\u00e4tzte Lesezeit":"2\u00a0Minuten"},"schema":{"@context":"https:\/\/schema.org","@graph":[{"@type":"WebPage","@id":"https:\/\/residencevyhlidka.cz\/de\/datenschutzerklaerung\/","url":"https:\/\/residencevyhlidka.cz\/de\/datenschutzerklaerung\/","name":"Datenschutzerkl\u00e4rung - Residence Vyhl\u00eddka","isPartOf":{"@id":"https:\/\/residencevyhlidka.cz\/#website"},"datePublished":"2020-02-20T17:15:46+00:00","breadcrumb":{"@id":"https:\/\/residencevyhlidka.cz\/de\/datenschutzerklaerung\/#breadcrumb"},"inLanguage":"de","potentialAction":[{"@type":"ReadAction","target":["https:\/\/residencevyhlidka.cz\/de\/datenschutzerklaerung\/"]}]},{"@type":"BreadcrumbList","@id":"https:\/\/residencevyhlidka.cz\/de\/datenschutzerklaerung\/#breadcrumb","itemListElement":[{"@type":"ListItem","position":1,"name":"Dom\u016f","item":"https:\/\/residencevyhlidka.cz\/de\/"},{"@type":"ListItem","position":2,"name":"Datenschutzerkl\u00e4rung"}]},{"@type":"WebSite","@id":"https:\/\/residencevyhlidka.cz\/#website","url":"https:\/\/residencevyhlidka.cz\/","name":"Residence Vyhl\u00eddka","description":"","potentialAction":[{"@type":"SearchAction","target":{"@type":"EntryPoint","urlTemplate":"https:\/\/residencevyhlidka.cz\/?s={search_term_string}"},"query-input":{"@type":"PropertyValueSpecification","valueRequired":true,"valueName":"search_term_string"}}],"inLanguage":"de"}]}},"_links":{"self":[{"href":"https:\/\/residencevyhlidka.cz\/de\/wp-json\/wp\/v2\/pages\/195","targetHints":{"allow":["GET"]}}],"collection":[{"href":"https:\/\/residencevyhlidka.cz\/de\/wp-json\/wp\/v2\/pages"}],"about":[{"href":"https:\/\/residencevyhlidka.cz\/de\/wp-json\/wp\/v2\/types\/page"}],"author":[{"embeddable":true,"href":"https:\/\/residencevyhlidka.cz\/de\/wp-json\/wp\/v2\/users\/3"}],"replies":[{"embeddable":true,"href":"https:\/\/residencevyhlidka.cz\/de\/wp-json\/wp\/v2\/comments?post=195"}],"version-history":[{"count":1,"href":"https:\/\/residencevyhlidka.cz\/de\/wp-json\/wp\/v2\/pages\/195\/revisions"}],"predecessor-version":[{"id":196,"href":"https:\/\/residencevyhlidka.cz\/de\/wp-json\/wp\/v2\/pages\/195\/revisions\/196"}],"wp:attachment":[{"href":"https:\/\/residencevyhlidka.cz\/de\/wp-json\/wp\/v2\/media?parent=195"}],"curies":[{"name":"wp","href":"https:\/\/api.w.org\/{rel}","templated":true}]}}